{"id":14598,"date":"2018-11-25T09:51:47","date_gmt":"2018-11-25T08:51:47","guid":{"rendered":"https:\/\/www.5gitaly.eu\/2018\/?page_id=14598"},"modified":"2018-11-26T15:45:09","modified_gmt":"2018-11-26T14:45:09","slug":"cnit","status":"publish","type":"page","link":"https:\/\/www.5gitaly.eu\/2018\/cnit\/","title":{"rendered":"CNIT"},"content":{"rendered":"<section class=\"wpb-content-wrapper\"><p>[vc_row content_width=&#8221;grid&#8221; css=&#8221;.vc_custom_1539007500261{padding-top: 120px !important;padding-bottom: 120px !important;background-image: url(http:\/\/xpo.edge-themes.com\/wp-content\/uploads\/2016\/12\/page-3-image-1.jpg?id=9747) !important;}&#8221;][vc_column offset=&#8221;vc_col-lg-12 vc_col-md-12&#8243;]<div class=\"edgtf-elements-holder edgtf-responsive-mode-1024\" ><div class=\"edgtf-elements-holder-item edgtf-width-1-1 edgtf-horizontal-alignment-center\" data-item-class=\"edgtf-elements-holder-custom-809140\"  data-1024-1280=\"13px 0 0 0 \" data-768-1024=\"0 5px\" data-600-768=\"0 5px\"   >\r\n\t<div class=\"edgtf-elements-holder-item-inner\">\r\n\t\t<div class=\"edgtf-elements-holder-item-content edgtf-elements-holder-custom-809140\" style=\"padding: 0 8px\">\r\n\t\t\t[vc_single_image image=&#8221;12671&#8243; img_size=&#8221;medium&#8221; alignment=&#8221;center&#8221;][vc_single_image image=&#8221;14810&#8243; img_size=&#8221;large&#8221; alignment=&#8221;center&#8221;]\t\t<\/div>\r\n\t<\/div>\r\n<\/div><div class=\"edgtf-elements-holder-item edgtf-width-1-1\" data-item-class=\"edgtf-elements-holder-custom-753326\" data-768-1024=\"20px 20px 0 20px\" data-600-768=\"20px 20px 0 20px\" data-480-600=\"20px 5px 0 5px\" data-480=\"20px 5px 0 5px\" >\r\n\t<div class=\"edgtf-elements-holder-item-inner\">\r\n\t\t<div class=\"edgtf-elements-holder-item-content edgtf-elements-holder-custom-753326\" style=\"padding: 0 0 6px 85px\">\r\n\t\t\t<div class=\"edgtf-title-section-holder\">\r\n\t\t\t<h2 class=\"edgtf-title-with-dots\" >\r\n\t\t\tIl CNIT\t\t<\/h2>\r\n\t\t<span class=\"edge-title-separator edge-enable-separator\" ><\/span>\r\n\r\n\t<\/div>[vc_empty_space height=&#8221;8px&#8221;][vc_column_text]Il CNIT \u00e8 un ente non-profit fondato nel 1995 e riconosciuto dal MIUR, che svolge attivit\u00e0 di ricerca, innovazione e formazione avanzata nell\u2019ampio settore dell\u2019ICT. Esso consorzia 37 universit\u00e0 pubbliche, a cui si aggiungono 6 unit\u00e0 di ricerca presso il CNR, per un totale di 43 unit\u00e0 di ricerca. Il CNIT dispone anche di quattro propri Laboratori Nazionali:\u201d Comunicazioni Multimediali\u201d, a Napoli; \u201cRadar e Sistemi di Sorveglianza\u201d, a Pisa; \u201cReti e Tecnologie Fotoniche\u201d, a Pisa; \u201cTecnologie e Infrastrutture Internet Intelligenti, Sostenibili e Sicure\u201d, a Genova. Al CNIT afferiscono oltre 1300 professori e ricercatori appartenenti alle universit\u00e0 consorziate e in esso operano come dipendenti pi\u00f9 di 100 ricercatori e tecnici. Il CNIT ha partecipato a centinaia di progetti di ricerca nazionali ed internazionali. Nel programma europeo H2020 il CNIT ha ottenuto 41 progetti e ne coordina 10. Le entrate del CNIT derivano da programmi di finanziamento competitivi e da commesse di privati. L\u2019attivit\u00e0 di trasferimento dell\u2019innovazione generata dal sistema universitario verso le aziende \u00e8 una missione prioritaria del CNIT. Il CNIT lavora per facilitare la cooperazione tra le universit\u00e0 consorziate e per promuovere collaborazioni tra le stesse universit\u00e0 ed altri enti di ricerca ed industrie nazionali ed estere, con particolare attenzione alla definizione, alla promozione e alla realizzazione di progetti innovativi e di rilevanti dimensioni.<\/p>\n<p>Il CNIT \u00e8 attivo in molti aspetti legati al 5G: i) partecipa a e coordina diversi progetti EU H2020 su 5G; quattro di questi progetti si sono classificati al primo posto nelle rispettive graduatorie; ii) \u00e8 membro eletto della 5GPPP (<a href=\"https:\/\/5g-ppp.eu\/\">https:\/\/5g-ppp.eu\/<\/a>), una iniziativa che unisce la Commissione Europea e il settore dell\u2019ICT in Europa per finanziare con 1,4 miliardi di \u20ac la nuova generazione di reti e servizi di telecomunicazioni; iii) partecipa alla sperimentazione MISE 5G nell\u2019area metropolitana di Milano; iv) partecipa a progetti EU H2020 sulle applicazioni di 5G, tra cui veicoli autonomi e sistemi intelligenti di trasporto.[\/vc_column_text]\t\t<\/div>\r\n\t<\/div>\r\n<\/div><\/div>[vc_empty_space height=&#8221;60px&#8221;][\/vc_column][\/vc_row]<\/p>\n<\/section>","protected":false},"excerpt":{"rendered":"<p>[vc_row content_width=&#8221;grid&#8221; css=&#8221;.vc_custom_1539007500261{padding-top: 120px !important;padding-bottom: 120px !important;background-image: url(http:\/\/xpo.edge-themes.com\/wp-content\/uploads\/2016\/12\/page-3-image-1.jpg?id=9747) !important;}&#8221;][vc_column offset=&#8221;vc_col-lg-12 vc_col-md-12&#8243;][vc_empty_space height=&#8221;60px&#8221;][\/vc_column][\/vc_row]<\/p>\n","protected":false},"author":1,"featured_media":0,"parent":0,"menu_order":0,"comment_status":"closed","ping_status":"closed","template":"","meta":{"_links_to":"","_links_to_target":""},"_links":{"self":[{"href":"https:\/\/www.5gitaly.eu\/2018\/wp-json\/wp\/v2\/pages\/14598"}],"collection":[{"href":"https:\/\/www.5gitaly.eu\/2018\/wp-json\/wp\/v2\/pages"}],"about":[{"href":"https:\/\/www.5gitaly.eu\/2018\/wp-json\/wp\/v2\/types\/page"}],"author":[{"embeddable":true,"href":"https:\/\/www.5gitaly.eu\/2018\/wp-json\/wp\/v2\/users\/1"}],"replies":[{"embeddable":true,"href":"https:\/\/www.5gitaly.eu\/2018\/wp-json\/wp\/v2\/comments?post=14598"}],"version-history":[{"count":8,"href":"https:\/\/www.5gitaly.eu\/2018\/wp-json\/wp\/v2\/pages\/14598\/revisions"}],"predecessor-version":[{"id":14813,"href":"https:\/\/www.5gitaly.eu\/2018\/wp-json\/wp\/v2\/pages\/14598\/revisions\/14813"}],"wp:attachment":[{"href":"https:\/\/www.5gitaly.eu\/2018\/wp-json\/wp\/v2\/media?parent=14598"}],"curies":[{"name":"wp","href":"https:\/\/api.w.org\/{rel}","templated":true}]}}