{"id":15772,"date":"2019-06-28T14:13:40","date_gmt":"2019-06-28T12:13:40","guid":{"rendered":"http:\/\/www.5gitaly.eu\/2019\/?page_id=15772"},"modified":"2019-11-06T20:40:50","modified_gmt":"2019-11-06T19:40:50","slug":"organizzazione","status":"publish","type":"page","link":"https:\/\/www.5gitaly.eu\/2019\/organizzazione\/","title":{"rendered":"Organizzazione"},"content":{"rendered":"<section class=\"wpb-content-wrapper\"><p>[vc_row content_aligment=&#8221;center&#8221;][vc_column]<div class=\"edgtf-title-section-holder\">\r\n\t\t\t<h2 class=\"edgtf-title-with-dots\" >\r\n\t\t\t5G Italy Committees \t\t<\/h2>\r\n\t\t<span class=\"edge-title-separator edge-enable-separator\" ><\/span>\r\n\r\n\t<\/div>[\/vc_column][\/vc_row][vc_row][vc_column][vc_empty_space height=&#8221;40px&#8221;][\/vc_column][\/vc_row][vc_row content_aligment=&#8221;center&#8221;][vc_column][vc_column_text]<\/p>\n<p style=\"text-align: center;\"><span style=\"color: #333333;\"><strong>General Chair<\/strong><\/span><\/p>\n<p style=\"text-align: center;\"><span style=\"color: #333333;\">Nicola Blefari Melazzi, Universit\u00e0 di Roma, Tor Vergata e CNIT<\/span><\/p>\n<p>&nbsp;<\/p>\n<p style=\"text-align: center;\"><span style=\"color: #333333;\"><strong>Technical Program Organizing Committee<\/strong><\/span><\/p>\n<p style=\"text-align: center;\"><span style=\"color: #333333;\">Nicola Blefari Melazzi,\u00a0Universit\u00e0 di Roma, Tor Vergata e CNIT<\/span><\/p>\n<p style=\"text-align: center;\"><span style=\"color: #333333;\">Luca Chiaraviglio,\u00a0Universit\u00e0 di Roma, Tor Vergata<\/span><\/p>\n<p style=\"text-align: center;\"><span style=\"color: #333333;\">Giovanni Emanuele Corazza, Universit\u00e0 di Bologna<\/span><\/p>\n<p style=\"text-align: center;\"><span style=\"color: #333333;\">Marco Luise, Universit\u00e0 di Pisa<\/span><\/p>\n<p>&nbsp;<\/p>\n<p style=\"text-align: center;\"><span style=\"color: #333333;\"><strong>PhD School Chair<\/strong><\/span><\/p>\n<p style=\"text-align: center;\"><span style=\"color: #333333;\">Daniele Riccio, Universit\u00e0 di Napoli Federico II<\/span><\/p>\n<p>&nbsp;<\/p>\n<p style=\"text-align: center;\"><span style=\"color: #333333;\"><strong>Scientific Sessions<\/strong><\/span><\/p>\n<p style=\"text-align: center;\"><span style=\"color: #333333;\">Marco Luise,\u00a0Universit\u00e0 di Pisa<\/span><\/p>\n<p>&nbsp;<\/p>\n<p style=\"text-align: center;\"><span style=\"color: #333333;\"><strong>Media and Communications Chair<\/strong><\/span><\/p>\n<p style=\"text-align: center;\"><span style=\"color: #333333;\">Raffaele Barberio, Supercom<\/span><\/p>\n<p>&nbsp;<\/p>\n<p style=\"text-align: center;\"><span style=\"color: #333333;\"><strong>Sponsorship<\/strong><\/span><\/p>\n<p style=\"text-align: center;\"><span style=\"color: #333333;\">Eliana D\u2019Aquanno, Supercom<\/span><\/p>\n<p>&nbsp;<\/p>\n<p style=\"text-align: center;\"><span style=\"color: #333333;\"><strong>Local Organization<\/strong><\/span><\/p>\n<p style=\"text-align: center;\"><span style=\"color: #333333;\">Alessio Frugiuele, Supercom<\/span><\/p>\n<p>&nbsp;<\/p>\n<p style=\"text-align: center;\"><span style=\"color: #333333;\"><strong>Website Chair<\/strong><\/span><\/p>\n<p style=\"text-align: center;\"><span style=\"color: #333333;\">Gianluca Massei, CNIT<\/span><\/p>\n<p>[\/vc_column_text][\/vc_column][\/vc_row][vc_row][vc_column][vc_empty_space height=&#8221;20px&#8221;][\/vc_column][\/vc_row]<\/p>\n<\/section>","protected":false},"excerpt":{"rendered":"<p>[vc_row content_aligment=&#8221;center&#8221;][vc_column][\/vc_column][\/vc_row][vc_row][vc_column][vc_empty_space height=&#8221;40px&#8221;][\/vc_column][\/vc_row][vc_row content_aligment=&#8221;center&#8221;][vc_column][vc_column_text] General Chair Nicola Blefari Melazzi, Universit\u00e0 di Roma, Tor Vergata e CNIT &nbsp; Technical Program Organizing Committee Nicola Blefari Melazzi,\u00a0Universit\u00e0 di Roma, Tor Vergata e CNIT Luca Chiaraviglio,\u00a0Universit\u00e0 di Roma, Tor Vergata Giovanni Emanuele Corazza, Universit\u00e0 di Bologna Marco Luise, Universit\u00e0&#8230;<\/p>\n","protected":false},"author":1,"featured_media":0,"parent":0,"menu_order":0,"comment_status":"closed","ping_status":"closed","template":"","meta":{"_links_to":"","_links_to_target":""},"_links":{"self":[{"href":"https:\/\/www.5gitaly.eu\/2019\/wp-json\/wp\/v2\/pages\/15772"}],"collection":[{"href":"https:\/\/www.5gitaly.eu\/2019\/wp-json\/wp\/v2\/pages"}],"about":[{"href":"https:\/\/www.5gitaly.eu\/2019\/wp-json\/wp\/v2\/types\/page"}],"author":[{"embeddable":true,"href":"https:\/\/www.5gitaly.eu\/2019\/wp-json\/wp\/v2\/users\/1"}],"replies":[{"embeddable":true,"href":"https:\/\/www.5gitaly.eu\/2019\/wp-json\/wp\/v2\/comments?post=15772"}],"version-history":[{"count":14,"href":"https:\/\/www.5gitaly.eu\/2019\/wp-json\/wp\/v2\/pages\/15772\/revisions"}],"predecessor-version":[{"id":16692,"href":"https:\/\/www.5gitaly.eu\/2019\/wp-json\/wp\/v2\/pages\/15772\/revisions\/16692"}],"wp:attachment":[{"href":"https:\/\/www.5gitaly.eu\/2019\/wp-json\/wp\/v2\/media?parent=15772"}],"curies":[{"name":"wp","href":"https:\/\/api.w.org\/{rel}","templated":true}]}}